{"id":130,"date":"2020-10-19T18:45:56","date_gmt":"2020-10-19T16:45:56","guid":{"rendered":"http:\/\/marsciani.net\/personale\/?page_id=130"},"modified":"2020-10-30T16:37:28","modified_gmt":"2020-10-30T15:37:28","slug":"links-utili","status":"publish","type":"page","link":"https:\/\/marsciani.net\/personale\/links-utili\/","title":{"rendered":"Links utili"},"content":{"rendered":"\n<p><\/p>\n\n\n\n<p class=\"has-large-font-size\"><strong>Riviste<\/strong><\/p>\n\n\n\n<ul class=\"wp-block-list\"><li><a href=\"http:\/\/www.ec-aiss.it\" data-type=\"URL\" data-id=\"http:\/\/www.ec-aiss.it\" target=\"_blank\" rel=\"noreferrer noopener\">EC &#8211; Rivista dell&#8217;Associazione Italiana di Studi Semiotici<\/a><\/li><li><a href=\"http:\/\/unilim.fr\/actes-semiotiques\/\" data-type=\"URL\" data-id=\"http:\/\/unilim.fr\/actes-semiotiques\/\" target=\"_blank\" rel=\"noreferrer noopener\">Actes S\u00e9miotiques<\/a><\/li><li><a href=\"http:\/\/cartesemiotiche.org\" data-type=\"URL\" data-id=\"http:\/\/cartesemiotiche.org\" target=\"_blank\" rel=\"noreferrer noopener\">Carte Semiotiche<\/a><\/li><li><a href=\"http:\/\/lexia.to.it\" data-type=\"URL\" data-id=\"http:\/\/lexia.to.it\" target=\"_blank\" rel=\"noreferrer noopener\">Lexia<\/a><\/li><li><a href=\"http:\/\/journals.openedition.org\/signata\/\" data-type=\"URL\" data-id=\"http:\/\/journals.openedition.org\/signata\/\" target=\"_blank\" rel=\"noreferrer noopener\">Signata &#8211; Annales des S\u00e9miotiques<\/a><\/li><li><a href=\"http:\/\/www.ocula.it\" data-type=\"URL\" data-id=\"http:\/\/www.ocula.it\" target=\"_blank\" rel=\"noreferrer noopener\">Ocula<\/a><\/li><li><a href=\"http:\/\/versus.dfc.unibo.it\" data-type=\"URL\" data-id=\"http:\/\/versus.dfc.unibo.it\" target=\"_blank\" rel=\"noreferrer noopener\">Versus<\/a><\/li><\/ul>\n\n\n\n<hr class=\"wp-block-separator\"\/>\n\n\n\n<p class=\"has-large-font-size\"><strong>Collane editoriali<\/strong><\/p>\n\n\n\n<ul class=\"wp-block-list\"><li><a rel=\"noreferrer noopener\" href=\"https:\/\/bookshop.editrice-esculapio.com\/collections\/filosofie-dei-linguaggi\" data-type=\"URL\" data-id=\"https:\/\/bookshop.editrice-esculapio.com\/collections\/filosofie-dei-linguaggi\" target=\"_blank\">Teoria della cultura &#8211; Esculapio<\/a><\/li><li><a rel=\"noreferrer noopener\" href=\"https:\/\/bookshop.editrice-esculapio.com\/collections\/filosofie-dei-linguaggi\" data-type=\"URL\" data-id=\"https:\/\/bookshop.editrice-esculapio.com\/collections\/filosofie-dei-linguaggi\" target=\"_blank\">Quaderni di etnosemiotica &#8211; Esculapio<\/a><\/li><li><a rel=\"noreferrer noopener\" href=\"http:\/\/www.mimesisedizioni.it\" data-type=\"URL\" data-id=\"http:\/\/www.mimesisedizioni.it\" target=\"_blank\">Insegne &#8211; Mimesis<\/a><\/li><li><a rel=\"noreferrer noopener\" href=\"https:\/\/www.bompiani.it\/collane\/campo_aperto-66\" data-type=\"URL\" data-id=\"https:\/\/www.bompiani.it\/collane\/campo_aperto-66\" target=\"_blank\">Campo Aperto &#8211; Bompiani<\/a><\/li><li><a rel=\"noreferrer noopener\" href=\"http:\/\/www.edizioniets.com\/view-Collana.asp?Col=La%20Piazza%20Universale\" data-type=\"URL\" data-id=\"http:\/\/www.edizioniets.com\/view-Collana.asp?Col=La%20Piazza%20Universale\" target=\"_blank\">La Piazza Universale &#8211; ETS edizioni<\/a><\/li><li><a rel=\"noreferrer noopener\" href=\"http:\/\/www.carocci.it\/images\/pdf\/definitivo2020\/sccomunicazione2020def.pdf\" data-type=\"URL\" data-id=\"http:\/\/www.carocci.it\/images\/pdf\/definitivo2020\/sccomunicazione2020def.pdf\" target=\"_blank\">Scienze della Comunicazione &#8211; Carocci<\/a><\/li><li><a href=\"https:\/\/www.nuovacultura.it\/categoria\/scientific-areas\/area-11-scienze-storiche-filosofiche-pedagogiche-psicologiche\/collane-11\/ec\/\" data-type=\"URL\" data-id=\"https:\/\/www.nuovacultura.it\/categoria\/scientific-areas\/area-11-scienze-storiche-filosofiche-pedagogiche-psicologiche\/collane-11\/ec\/\">E\/C &#8211; Nuova Cultura<\/a><\/li><li><a href=\"https:\/\/www.nuovacultura.it\/categoria\/scientific-areas\/area-11-scienze-storiche-filosofiche-pedagogiche-psicologiche\/collane-11\/semiotica\/\" data-type=\"URL\" data-id=\"https:\/\/www.nuovacultura.it\/categoria\/scientific-areas\/area-11-scienze-storiche-filosofiche-pedagogiche-psicologiche\/collane-11\/semiotica\/\">Semiotica &#8211; Nuova Cultura<\/a><\/li><li><a href=\"http:\/\/www.pulim.unilim.fr\/index.php\/catalogue?task=showCategory&amp;catid=27\" data-type=\"URL\" data-id=\"http:\/\/www.pulim.unilim.fr\/index.php\/catalogue?task=showCategory&amp;catid=27\">Semiotica Viva &#8211; PULI<\/a><a href=\"http:\/\/www.pulim.unilim.fr\/index.php\/catalogue?task=showCategory&amp;catid=27\">M<\/a><\/li><li><a href=\"http:\/\/www.meltemieditore.it\/collana\/biblioteca-semiotica\/\" data-type=\"URL\" data-id=\"http:\/\/www.meltemieditore.it\/collana\/biblioteca-semiotica\/\" target=\"_blank\" rel=\"noreferrer noopener\">Semiotica &#8211; Meltemi<\/a><\/li><\/ul>\n\n\n\n<hr class=\"wp-block-separator\"\/>\n\n\n\n<p class=\"has-large-font-size\"><strong>Associazioni e gruppi<\/strong><\/p>\n\n\n\n<ul class=\"wp-block-list\"><li><a rel=\"noreferrer noopener\" href=\"https:\/\/associazionesemiotica.it\" data-type=\"URL\" data-id=\"https:\/\/associazionesemiotica.it\" target=\"_blank\">AISS<\/a> &#8211; Associazione italiana di Studi Semiotici<\/li><li><a rel=\"noreferrer noopener\" href=\"https:\/\/afsemio.fr\" data-type=\"URL\" data-id=\"https:\/\/afsemio.fr\" target=\"_blank\">AFS<\/a> &#8211; Association Fran\u00e7aise de S\u00e9miotique<\/li><li><a rel=\"noreferrer noopener\" href=\"https:\/\/asso.unilim.fr\/fedros\/it\/\" data-type=\"URL\" data-id=\"https:\/\/asso.unilim.fr\/fedros\/it\/\" target=\"_blank\">FedRoS<\/a> &#8211; F\u00e9d\u00e9ration Romane de S\u00e9miotique<\/li><li><a rel=\"noreferrer noopener\" href=\"https:\/\/www.circolosemiologicosiciliano.it\" data-type=\"URL\" data-id=\"https:\/\/www.circolosemiologicosiciliano.it\" target=\"_blank\">Circolo Semiologico Siciliano<\/a> &#8211; Palermo<\/li><li><a rel=\"noreferrer noopener\" href=\"http:\/\/www.circe.unito.it\/it\/il-centro\" data-type=\"URL\" data-id=\"www.circe.unito.it\/it\/il-centro\" target=\"_blank\">CIRCe<\/a> &#8211; Ricerche sulla comunicazione &#8211; Torino<\/li><li><a rel=\"noreferrer noopener\" href=\"https:\/\/www.globalnpo.org\/IT\/Rome\/1512775822331992\/LARS---Laboratorio-Romano-di-Semiotica\" data-type=\"URL\" data-id=\"https:\/\/www.globalnpo.org\/IT\/Rome\/1512775822331992\/LARS---Laboratorio-Romano-di-Semiotica\" target=\"_blank\">LARS<\/a> &#8211; Laboratorio Romano di Semiotica &#8211; Roma<\/li><li><a rel=\"noreferrer noopener\" href=\"https:\/\/centrotrame.wordpress.com\/\" data-type=\"URL\" data-id=\"https:\/\/centrotrame.wordpress.com\/\" target=\"_blank\">TRAME<\/a> &#8211; Studi su Memorie e Traumi culturali &#8211; Bologna<\/li><li><a rel=\"noreferrer noopener\" href=\"https:\/\/cube.unibo.it\" data-type=\"URL\" data-id=\"https:\/\/cube.unibo.it\" target=\"_blank\">C.U.B.E.<\/a> &#8211; Centro di Etnosemiotica &#8211; Bologna<\/li><li><a rel=\"noreferrer noopener\" href=\"http:\/\/cue.unibo.it\" data-type=\"URL\" data-id=\"cue.unibo.it\" target=\"_blank\">Centro Internazionale di Studi Umanistici<\/a> &#8220;Umberto Eco&#8221; &#8211; Bologna<\/li><li><a rel=\"noreferrer noopener\" href=\"https:\/\/semiotica.uniurb.it\" data-type=\"URL\" data-id=\"https:\/\/semiotica.uniurb.it\" target=\"_blank\">Centro Internazionale di Scienze Semiotiche<\/a> &#8220;Umberto Eco&#8221; &#8211; Urbino<\/li><li><a rel=\"noreferrer noopener\" href=\"https:\/\/www.semio-cross.it\" data-type=\"URL\" data-id=\"https:\/\/www.semio-cross.it\" target=\"_blank\">CROSS<\/a> &#8211; Centro di ricerca Omar Calabrese &#8211; Bologna, Siena, Venezia<\/li><\/ul>\n","protected":false},"excerpt":{"rendered":"<p>Riviste EC &#8211; Rivista dell&#8217;Associazione Italiana di Studi Semiotici Actes S\u00e9miotiques Carte Semiotiche Lexia Signata &#8211; Annales des S\u00e9miotiques Ocula Versus Collane editoriali Teoria della cultura &#8211; Esculapio Quaderni di &#8230; <a title=\"Links utili\" class=\"read-more\" href=\"https:\/\/marsciani.net\/personale\/links-utili\/\" aria-label=\"Leggi di pi\u00f9 su Links utili\">Leggi tutto<\/a><\/p>\n","protected":false},"author":1,"featured_media":0,"parent":0,"menu_order":0,"comment_status":"closed","ping_status":"closed","template":"","meta":{"_seopress_robots_primary_cat":"","footnotes":""},"class_list":["post-130","page","type-page","status-publish"],"jetpack_sharing_enabled":true,"_links":{"self":[{"href":"https:\/\/marsciani.net\/personale\/wp-json\/wp\/v2\/pages\/130","targetHints":{"allow":["GET"]}}],"collection":[{"href":"https:\/\/marsciani.net\/personale\/wp-json\/wp\/v2\/pages"}],"about":[{"href":"https:\/\/marsciani.net\/personale\/wp-json\/wp\/v2\/types\/page"}],"author":[{"embeddable":true,"href":"https:\/\/marsciani.net\/personale\/wp-json\/wp\/v2\/users\/1"}],"replies":[{"embeddable":true,"href":"https:\/\/marsciani.net\/personale\/wp-json\/wp\/v2\/comments?post=130"}],"version-history":[{"count":11,"href":"https:\/\/marsciani.net\/personale\/wp-json\/wp\/v2\/pages\/130\/revisions"}],"predecessor-version":[{"id":167,"href":"https:\/\/marsciani.net\/personale\/wp-json\/wp\/v2\/pages\/130\/revisions\/167"}],"wp:attachment":[{"href":"https:\/\/marsciani.net\/personale\/wp-json\/wp\/v2\/media?parent=130"}],"curies":[{"name":"wp","href":"https:\/\/api.w.org\/{rel}","templated":true}]}}